{"id":6925,"date":"2023-09-01T08:00:50","date_gmt":"2023-09-01T08:00:50","guid":{"rendered":"https:\/\/africabora.com\/?page_id=6925"},"modified":"2023-09-05T08:50:23","modified_gmt":"2023-09-05T08:50:23","slug":"2018-gambia","status":"publish","type":"page","link":"https:\/\/www.nowedrzewozycia.org.pl\/?page_id=6925","title":{"rendered":"2018 Gambia"},"content":{"rendered":"\t\t<div data-elementor-type=\"wp-page\" data-elementor-id=\"6925\" class=\"elementor elementor-6925\" data-elementor-post-type=\"page\">\n\t\t\t\t\t\t<section class=\"elementor-section elementor-top-section elementor-element elementor-element-f914007 elementor-section-full_width elementor-section-height-min-height elementor-section-height-default elementor-section-items-middle\" data-id=\"f914007\" data-element_type=\"section\" data-settings=\"{&quot;background_background&quot;:&quot;classic&quot;}\">\n\t\t\t\t\t\t\t<div class=\"elementor-background-overlay\"><\/div>\n\t\t\t\t\t\t\t<div class=\"elementor-container elementor-column-gap-default\">\n\t\t\t\t\t<div class=\"elementor-column elementor-col-100 elementor-top-column elementor-element elementor-element-7dbf4df\" data-id=\"7dbf4df\" data-element_type=\"column\">\n\t\t\t<div class=\"elementor-widget-wrap elementor-element-populated\">\n\t\t\t\t\t\t<div class=\"elementor-element elementor-element-196a680 elementor-widget elementor-widget-heading\" data-id=\"196a680\" data-element_type=\"widget\" data-widget_type=\"heading.default\">\n\t\t\t\t<div class=\"elementor-widget-container\">\n\t\t\t\t\t<h2 class=\"elementor-heading-title elementor-size-default\">2018 Gambia<\/h2>\t\t\t\t<\/div>\n\t\t\t\t<\/div>\n\t\t\t\t\t<\/div>\n\t\t<\/div>\n\t\t\t\t\t<\/div>\n\t\t<\/section>\n\t\t\t\t<section class=\"elementor-section elementor-top-section elementor-element elementor-element-d270875 elementor-section-boxed elementor-section-height-default elementor-section-height-default\" data-id=\"d270875\" data-element_type=\"section\">\n\t\t\t\t\t\t<div class=\"elementor-container elementor-column-gap-default\">\n\t\t\t\t\t<div class=\"elementor-column elementor-col-66 elementor-top-column elementor-element elementor-element-e7b7c15\" data-id=\"e7b7c15\" data-element_type=\"column\">\n\t\t\t<div class=\"elementor-widget-wrap elementor-element-populated\">\n\t\t\t\t\t\t<div class=\"elementor-element elementor-element-af75068 elementor-widget elementor-widget-image\" data-id=\"af75068\" data-element_type=\"widget\" data-widget_type=\"image.default\">\n\t\t\t\t<div class=\"elementor-widget-container\">\n\t\t\t\t\t\t\t\t\t\t\t\t\t\t\t<img fetchpriority=\"high\" decoding=\"async\" width=\"1024\" height=\"768\" src=\"https:\/\/www.nowedrzewozycia.org.pl\/wp-content\/uploads\/2023\/09\/2018-Przekazanie-darow-siostrze-Dawidzie-ze-szkoly-w-Somie-Gambia-6-1024x768.jpg\" class=\"attachment-large size-large wp-image-6921\" alt=\"\" srcset=\"https:\/\/www.nowedrzewozycia.org.pl\/wp-content\/uploads\/2023\/09\/2018-Przekazanie-darow-siostrze-Dawidzie-ze-szkoly-w-Somie-Gambia-6-1024x768.jpg 1024w, https:\/\/www.nowedrzewozycia.org.pl\/wp-content\/uploads\/2023\/09\/2018-Przekazanie-darow-siostrze-Dawidzie-ze-szkoly-w-Somie-Gambia-6-300x225.jpg 300w, https:\/\/www.nowedrzewozycia.org.pl\/wp-content\/uploads\/2023\/09\/2018-Przekazanie-darow-siostrze-Dawidzie-ze-szkoly-w-Somie-Gambia-6-768x576.jpg 768w, https:\/\/www.nowedrzewozycia.org.pl\/wp-content\/uploads\/2023\/09\/2018-Przekazanie-darow-siostrze-Dawidzie-ze-szkoly-w-Somie-Gambia-6-1536x1152.jpg 1536w, https:\/\/www.nowedrzewozycia.org.pl\/wp-content\/uploads\/2023\/09\/2018-Przekazanie-darow-siostrze-Dawidzie-ze-szkoly-w-Somie-Gambia-6-2048x1536.jpg 2048w\" sizes=\"(max-width: 1024px) 100vw, 1024px\" \/>\t\t\t\t\t\t\t\t\t\t\t\t\t\t\t<\/div>\n\t\t\t\t<\/div>\n\t\t\t\t<div class=\"elementor-element elementor-element-2be0e94 elementor-widget elementor-widget-text-editor\" data-id=\"2be0e94\" data-element_type=\"widget\" data-widget_type=\"text-editor.default\">\n\t\t\t\t<div class=\"elementor-widget-container\">\n\t\t\t\t\t\t\t\t\t<p>Na prze\u0142omie 2017 i 2018 roku udali\u015bmy si\u0119 w podr\u00f3\u017c do Gambii i Senegalu. Podziwiali\u015bmy egzotyczne widoki, egzotyczne zwierz\u0119ta i obserwowali\u015bmy \u017cycie miejscowej ludno\u015bci. Nie trzeba by\u0142o nikomu m\u00f3wi\u0107, \u017ce jednym z naszych spostrze\u017ce\u0144 by\u0142o ub\u00f3stwo tam. C\u00f3\u017c, ub\u00f3stwo lub r\u00f3\u017cnica. Pr\u00f3bowali\u015bmy sami odpowiedzie\u0107 na to pytanie, przemieszczaj\u0105c si\u0119 po coraz wi\u0119kszym obszarze.<\/p><p>Po powrocie do Polski zadawali\u015bmy pytania o specyfik\u0119 Afryki naszym siostrom klauzurowym z klasztoru w pobli\u017cu nas. Odby\u0142o si\u0119 wiele dyskusji i spotka\u0144. Chcieli\u015bmy wr\u00f3ci\u0107 do Gambii i pom\u00f3c, cho\u0107 troch\u0119.<\/p><p>The sisters found a Polish woman from the Sacre Coeur convent, who happened to be in Soma, where her convent ran a school. Before the next trip, we made contact with her, agreed that we would give her the goods we had brought from our trip, and started packing. So many people decided to add something to our suitcases that we had difficulty closing them. We left in the spring of 2018. The meeting with Sister David was short but succinct. We also agreed on what we would do for them until our next stay in The Gambia.<\/p>\t\t\t\t\t\t\t\t<\/div>\n\t\t\t\t<\/div>\n\t\t\t\t<div class=\"elementor-element elementor-element-4c24cfa elementor-widget elementor-widget-image-gallery\" data-id=\"4c24cfa\" data-element_type=\"widget\" data-widget_type=\"image-gallery.default\">\n\t\t\t\t<div class=\"elementor-widget-container\">\n\t\t\t\t\t\t\t<div class=\"elementor-image-gallery\">\n\t\t\t<div id='gallery-1' class='gallery galleryid-6925 gallery-columns-4 gallery-size-thumbnail'><figure class='gallery-item'>\n\t\t\t<div class='gallery-icon landscape'>\n\t\t\t\t<a data-elementor-open-lightbox=\"yes\" data-elementor-lightbox-slideshow=\"4c24cfa\" data-elementor-lightbox-title=\"2018 Przekazanie dar\u00f3w siostrze Dawidzie ze szko\u0142y w Somie, Gambia (4)\" data-e-action-hash=\"#elementor-action%3Aaction%3Dlightbox%26settings%3DeyJpZCI6NjkzMywidXJsIjoiaHR0cHM6XC9cL3d3dy5ub3dlZHJ6ZXdvenljaWEub3JnLnBsXC93cC1jb250ZW50XC91cGxvYWRzXC8yMDIzXC8wOVwvMjAxOC1Qcnpla2F6YW5pZS1kYXJvdy1zaW9zdHJ6ZS1EYXdpZHppZS16ZS1zemtvbHktdy1Tb21pZS1HYW1iaWEtNC1zY2FsZWQuanBnIiwic2xpZGVzaG93IjoiNGMyNGNmYSJ9\" href='https:\/\/www.nowedrzewozycia.org.pl\/wp-content\/uploads\/2023\/09\/2018-Przekazanie-darow-siostrze-Dawidzie-ze-szkoly-w-Somie-Gambia-4-scaled.jpg'><img decoding=\"async\" width=\"150\" height=\"150\" src=\"https:\/\/www.nowedrzewozycia.org.pl\/wp-content\/uploads\/2023\/09\/2018-Przekazanie-darow-siostrze-Dawidzie-ze-szkoly-w-Somie-Gambia-4-150x150.jpg\" class=\"attachment-thumbnail size-thumbnail\" alt=\"\" srcset=\"https:\/\/www.nowedrzewozycia.org.pl\/wp-content\/uploads\/2023\/09\/2018-Przekazanie-darow-siostrze-Dawidzie-ze-szkoly-w-Somie-Gambia-4-150x150.jpg 150w, https:\/\/www.nowedrzewozycia.org.pl\/wp-content\/uploads\/2023\/09\/2018-Przekazanie-darow-siostrze-Dawidzie-ze-szkoly-w-Somie-Gambia-4-700x700.jpg 700w\" sizes=\"(max-width: 150px) 100vw, 150px\" \/><\/a>\n\t\t\t<\/div><\/figure><figure class='gallery-item'>\n\t\t\t<div class='gallery-icon landscape'>\n\t\t\t\t<a data-elementor-open-lightbox=\"yes\" data-elementor-lightbox-slideshow=\"4c24cfa\" data-elementor-lightbox-title=\"Dzieci ze szko\u0142y w Somie, Gambia, korzystaj\u0105 z przywiezionych dar\u00f3w\" data-e-action-hash=\"#elementor-action%3Aaction%3Dlightbox%26settings%3DeyJpZCI6NjkzNCwidXJsIjoiaHR0cHM6XC9cL3d3dy5ub3dlZHJ6ZXdvenljaWEub3JnLnBsXC93cC1jb250ZW50XC91cGxvYWRzXC8yMDIzXC8wOVwvRHppZWNpLXplLXN6a29seS13LVNvbWllLUdhbWJpYS1rb3J6eXN0YWphLXotcHJ6eXdpZXppb255Y2gtZGFyb3ctc2NhbGVkLmpwZyIsInNsaWRlc2hvdyI6IjRjMjRjZmEifQ%3D%3D\" href='https:\/\/www.nowedrzewozycia.org.pl\/wp-content\/uploads\/2023\/09\/Dzieci-ze-szkoly-w-Somie-Gambia-korzystaja-z-przywiezionych-darow-scaled.jpg'><img decoding=\"async\" width=\"150\" height=\"150\" src=\"https:\/\/www.nowedrzewozycia.org.pl\/wp-content\/uploads\/2023\/09\/Dzieci-ze-szkoly-w-Somie-Gambia-korzystaja-z-przywiezionych-darow-150x150.jpg\" class=\"attachment-thumbnail size-thumbnail\" alt=\"\" srcset=\"https:\/\/www.nowedrzewozycia.org.pl\/wp-content\/uploads\/2023\/09\/Dzieci-ze-szkoly-w-Somie-Gambia-korzystaja-z-przywiezionych-darow-150x150.jpg 150w, https:\/\/www.nowedrzewozycia.org.pl\/wp-content\/uploads\/2023\/09\/Dzieci-ze-szkoly-w-Somie-Gambia-korzystaja-z-przywiezionych-darow-700x700.jpg 700w\" sizes=\"(max-width: 150px) 100vw, 150px\" \/><\/a>\n\t\t\t<\/div><\/figure><figure class='gallery-item'>\n\t\t\t<div class='gallery-icon landscape'>\n\t\t\t\t<a data-elementor-open-lightbox=\"yes\" data-elementor-lightbox-slideshow=\"4c24cfa\" data-elementor-lightbox-title=\"307648613_159654080011692_3995366472289938480_n\" data-e-action-hash=\"#elementor-action%3Aaction%3Dlightbox%26settings%3DeyJpZCI6NjE5NywidXJsIjoiaHR0cHM6XC9cL3d3dy5ub3dlZHJ6ZXdvenljaWEub3JnLnBsXC93cC1jb250ZW50XC91cGxvYWRzXC8yMDIzXC8wOFwvMzA3NjQ4NjEzXzE1OTY1NDA4MDAxMTY5Ml8zOTk1MzY2NDcyMjg5OTM4NDgwX24uanBnIiwic2xpZGVzaG93IjoiNGMyNGNmYSJ9\" href='https:\/\/www.nowedrzewozycia.org.pl\/wp-content\/uploads\/2023\/08\/307648613_159654080011692_3995366472289938480_n.jpg'><img loading=\"lazy\" decoding=\"async\" width=\"150\" height=\"150\" src=\"https:\/\/www.nowedrzewozycia.org.pl\/wp-content\/uploads\/2023\/08\/307648613_159654080011692_3995366472289938480_n-150x150.jpg\" class=\"attachment-thumbnail size-thumbnail\" alt=\"\" srcset=\"https:\/\/www.nowedrzewozycia.org.pl\/wp-content\/uploads\/2023\/08\/307648613_159654080011692_3995366472289938480_n-150x150.jpg 150w, https:\/\/www.nowedrzewozycia.org.pl\/wp-content\/uploads\/2023\/08\/307648613_159654080011692_3995366472289938480_n-300x300.jpg 300w, https:\/\/www.nowedrzewozycia.org.pl\/wp-content\/uploads\/2023\/08\/307648613_159654080011692_3995366472289938480_n-1024x1024.jpg 1024w, https:\/\/www.nowedrzewozycia.org.pl\/wp-content\/uploads\/2023\/08\/307648613_159654080011692_3995366472289938480_n-768x768.jpg 768w, https:\/\/www.nowedrzewozycia.org.pl\/wp-content\/uploads\/2023\/08\/307648613_159654080011692_3995366472289938480_n-700x700.jpg 700w, https:\/\/www.nowedrzewozycia.org.pl\/wp-content\/uploads\/2023\/08\/307648613_159654080011692_3995366472289938480_n-600x600.jpg 600w, https:\/\/www.nowedrzewozycia.org.pl\/wp-content\/uploads\/2023\/08\/307648613_159654080011692_3995366472289938480_n-100x100.jpg 100w, https:\/\/www.nowedrzewozycia.org.pl\/wp-content\/uploads\/2023\/08\/307648613_159654080011692_3995366472289938480_n.jpg 1536w\" sizes=\"(max-width: 150px) 100vw, 150px\" \/><\/a>\n\t\t\t<\/div><\/figure>\n\t\t<\/div>\n\t\t<\/div>\n\t\t\t\t\t\t<\/div>\n\t\t\t\t<\/div>\n\t\t\t\t\t<\/div>\n\t\t<\/div>\n\t\t\t\t<div class=\"elementor-column elementor-col-33 elementor-top-column elementor-element elementor-element-248fa75\" data-id=\"248fa75\" data-element_type=\"column\">\n\t\t\t<div class=\"elementor-widget-wrap elementor-element-populated\">\n\t\t\t\t\t\t<div class=\"elementor-element elementor-element-4cada7f elementor-search-form--skin-classic elementor-search-form--button-type-icon elementor-search-form--icon-search elementor-widget elementor-widget-search-form\" data-id=\"4cada7f\" data-element_type=\"widget\" data-settings=\"{&quot;skin&quot;:&quot;classic&quot;}\" data-widget_type=\"search-form.default\">\n\t\t\t\t<div class=\"elementor-widget-container\">\n\t\t\t\t\t\t\t<search role=\"search\">\n\t\t\t<form class=\"elementor-search-form\" action=\"https:\/\/www.nowedrzewozycia.org.pl\" method=\"get\">\n\t\t\t\t\t\t\t\t\t\t\t\t<div class=\"elementor-search-form__container\">\n\t\t\t\t\t<label class=\"elementor-screen-only\" for=\"elementor-search-form-4cada7f\">Search<\/label>\n\n\t\t\t\t\t\n\t\t\t\t\t<input id=\"elementor-search-form-4cada7f\" placeholder=\"Szukaj...\" class=\"elementor-search-form__input\" type=\"search\" name=\"s\" value=\"\">\n\t\t\t\t\t\n\t\t\t\t\t\t\t\t\t\t\t<button class=\"elementor-search-form__submit\" type=\"submit\" aria-label=\"Search\">\n\t\t\t\t\t\t\t\t\t\t\t\t\t\t\t<i aria-hidden=\"true\" class=\"fas fa-search\"><\/i>\t\t\t\t\t\t\t\t\t\t\t\t\t<\/button>\n\t\t\t\t\t\n\t\t\t\t\t\t\t\t\t<\/div>\n\t\t\t<\/form>\n\t\t<\/search>\n\t\t\t\t\t\t<\/div>\n\t\t\t\t<\/div>\n\t\t\t\t<div class=\"elementor-element elementor-element-0742289 elementor-widget elementor-widget-spacer\" data-id=\"0742289\" data-element_type=\"widget\" data-widget_type=\"spacer.default\">\n\t\t\t\t<div class=\"elementor-widget-container\">\n\t\t\t\t\t\t\t<div class=\"elementor-spacer\">\n\t\t\t<div class=\"elementor-spacer-inner\"><\/div>\n\t\t<\/div>\n\t\t\t\t\t\t<\/div>\n\t\t\t\t<\/div>\n\t\t\t\t<div class=\"elementor-element elementor-element-75c51df elementor-widget elementor-widget-heading\" data-id=\"75c51df\" data-element_type=\"widget\" data-widget_type=\"heading.default\">\n\t\t\t\t<div class=\"elementor-widget-container\">\n\t\t\t\t\t<h4 class=\"elementor-heading-title elementor-size-default\">Popularny wpisy<\/h4>\t\t\t\t<\/div>\n\t\t\t\t<\/div>\n\t\t\t\t<div class=\"elementor-element elementor-element-e1020e3 elementor-grid-1 elementor-posts--thumbnail-left elementor-grid-tablet-2 elementor-grid-mobile-1 elementor-widget elementor-widget-posts\" data-id=\"e1020e3\" data-element_type=\"widget\" data-settings=\"{&quot;classic_columns&quot;:&quot;1&quot;,&quot;classic_columns_tablet&quot;:&quot;2&quot;,&quot;classic_columns_mobile&quot;:&quot;1&quot;,&quot;classic_row_gap&quot;:{&quot;unit&quot;:&quot;px&quot;,&quot;size&quot;:35,&quot;sizes&quot;:[]},&quot;classic_row_gap_tablet&quot;:{&quot;unit&quot;:&quot;px&quot;,&quot;size&quot;:&quot;&quot;,&quot;sizes&quot;:[]},&quot;classic_row_gap_mobile&quot;:{&quot;unit&quot;:&quot;px&quot;,&quot;size&quot;:&quot;&quot;,&quot;sizes&quot;:[]}}\" data-widget_type=\"posts.classic\">\n\t\t\t\t<div class=\"elementor-widget-container\">\n\t\t\t\t\t\t\t<div class=\"elementor-posts-container elementor-posts elementor-posts--skin-classic elementor-grid\" role=\"list\">\n\t\t\t\t<article class=\"elementor-post elementor-grid-item post-7817 post type-post status-publish format-standard hentry category-events\" role=\"listitem\">\n\t\t\t\t<div class=\"elementor-post__text\">\n\t\t\t\t<h6 class=\"elementor-post__title\">\n\t\t\t<a href=\"https:\/\/www.nowedrzewozycia.org.pl\/?p=7817\" >\n\t\t\t\tVII KONFERENCJA AFRYKA\u0143SKA. AFRYKA \u2013 NIEWYKORZYSTANY POTENCJA\u0141 IV\t\t\t<\/a>\n\t\t<\/h6>\n\t\t\t\t<div class=\"elementor-post__meta-data\">\n\t\t\t\t\t<span class=\"elementor-post-date\">\n\t\t\t30 wrze\u015bnia, 2025\t\t<\/span>\n\t\t\t\t<span class=\"elementor-post-avatar\">\n\t\t\tBrak komentarzy\t\t<\/span>\n\t\t\t\t<\/div>\n\t\t\n\t\t<a class=\"elementor-post__read-more\" href=\"https:\/\/www.nowedrzewozycia.org.pl\/?p=7817\" aria-label=\"Read more about VII KONFERENCJA AFRYKA\u0143SKA. AFRYKA \u2013 NIEWYKORZYSTANY POTENCJA\u0141 IV\" tabindex=\"-1\" >\n\t\t\tCzytaj wi\u0119cej \u00bb\t\t<\/a>\n\n\t\t\t\t<\/div>\n\t\t\t\t<\/article>\n\t\t\t\t<article class=\"elementor-post elementor-grid-item post-7672 post type-post status-publish format-standard has-post-thumbnail hentry category-uncategorized\" role=\"listitem\">\n\t\t\t\t<a class=\"elementor-post__thumbnail__link\" href=\"https:\/\/www.nowedrzewozycia.org.pl\/?p=7672\" tabindex=\"-1\" >\n\t\t\t<div class=\"elementor-post__thumbnail\"><img loading=\"lazy\" decoding=\"async\" width=\"329\" height=\"538\" src=\"https:\/\/www.nowedrzewozycia.org.pl\/wp-content\/uploads\/2023\/09\/3-2.jpg\" class=\"attachment-large size-large wp-image-7483\" alt=\"\" srcset=\"https:\/\/www.nowedrzewozycia.org.pl\/wp-content\/uploads\/2023\/09\/3-2.jpg 329w, https:\/\/www.nowedrzewozycia.org.pl\/wp-content\/uploads\/2023\/09\/3-2-183x300.jpg 183w\" sizes=\"(max-width: 329px) 100vw, 329px\" \/><\/div>\n\t\t<\/a>\n\t\t\t\t<div class=\"elementor-post__text\">\n\t\t\t\t<h6 class=\"elementor-post__title\">\n\t\t\t<a href=\"https:\/\/www.nowedrzewozycia.org.pl\/?p=7672\" >\n\t\t\t\tSpu\u015bcizna Stefana Szolca &#8211; Rogozi\u0144skiego\t\t\t<\/a>\n\t\t<\/h6>\n\t\t\t\t<div class=\"elementor-post__meta-data\">\n\t\t\t\t\t<span class=\"elementor-post-date\">\n\t\t\t22 pa\u017adziernika, 2023\t\t<\/span>\n\t\t\t\t<span class=\"elementor-post-avatar\">\n\t\t\tBrak komentarzy\t\t<\/span>\n\t\t\t\t<\/div>\n\t\t\n\t\t<a class=\"elementor-post__read-more\" href=\"https:\/\/www.nowedrzewozycia.org.pl\/?p=7672\" aria-label=\"Read more about Spu\u015bcizna Stefana Szolca &#8211; Rogozi\u0144skiego\" tabindex=\"-1\" >\n\t\t\tCzytaj wi\u0119cej \u00bb\t\t<\/a>\n\n\t\t\t\t<\/div>\n\t\t\t\t<\/article>\n\t\t\t\t<article class=\"elementor-post elementor-grid-item post-7666 post type-post status-publish format-standard has-post-thumbnail hentry category-uncategorized\" role=\"listitem\">\n\t\t\t\t<a class=\"elementor-post__thumbnail__link\" href=\"https:\/\/www.nowedrzewozycia.org.pl\/?p=7666\" tabindex=\"-1\" >\n\t\t\t<div class=\"elementor-post__thumbnail\"><img loading=\"lazy\" decoding=\"async\" width=\"552\" height=\"711\" src=\"https:\/\/www.nowedrzewozycia.org.pl\/wp-content\/uploads\/2023\/09\/Stefan_Szolc-Rogozinski.jpg\" class=\"attachment-large size-large wp-image-7463\" alt=\"\" srcset=\"https:\/\/www.nowedrzewozycia.org.pl\/wp-content\/uploads\/2023\/09\/Stefan_Szolc-Rogozinski.jpg 552w, https:\/\/www.nowedrzewozycia.org.pl\/wp-content\/uploads\/2023\/09\/Stefan_Szolc-Rogozinski-233x300.jpg 233w\" sizes=\"(max-width: 552px) 100vw, 552px\" \/><\/div>\n\t\t<\/a>\n\t\t\t\t<div class=\"elementor-post__text\">\n\t\t\t\t<h6 class=\"elementor-post__title\">\n\t\t\t<a href=\"https:\/\/www.nowedrzewozycia.org.pl\/?p=7666\" >\n\t\t\t\tZachodni kolonializm i jego wsp\u00f3\u0142czesne konsekwencje, w kontek\u015bcie dokona\u0144 Stefana Szolc-Rogozi\u0144skiego\t\t\t<\/a>\n\t\t<\/h6>\n\t\t\t\t<div class=\"elementor-post__meta-data\">\n\t\t\t\t\t<span class=\"elementor-post-date\">\n\t\t\t22 pa\u017adziernika, 2023\t\t<\/span>\n\t\t\t\t<span class=\"elementor-post-avatar\">\n\t\t\tBrak komentarzy\t\t<\/span>\n\t\t\t\t<\/div>\n\t\t\n\t\t<a class=\"elementor-post__read-more\" href=\"https:\/\/www.nowedrzewozycia.org.pl\/?p=7666\" aria-label=\"Read more about Zachodni kolonializm i jego wsp\u00f3\u0142czesne konsekwencje, w kontek\u015bcie dokona\u0144 Stefana Szolc-Rogozi\u0144skiego\" tabindex=\"-1\" >\n\t\t\tCzytaj wi\u0119cej \u00bb\t\t<\/a>\n\n\t\t\t\t<\/div>\n\t\t\t\t<\/article>\n\t\t\t\t<\/div>\n\t\t\n\t\t\t\t\t\t<\/div>\n\t\t\t\t<\/div>\n\t\t\t\t\t<\/div>\n\t\t<\/div>\n\t\t\t\t\t<\/div>\n\t\t<\/section>\n\t\t\t\t<\/div>\n\t\t","protected":false},"excerpt":{"rendered":"<p>2018 Gambia Na prze\u0142omie 2017 i 2018 roku udali\u015bmy si\u0119 w podr\u00f3\u017c do Gambii i Senegalu. Podziwiali\u015bmy egzotyczne widoki, egzotyczne zwierz\u0119ta i obserwowali\u015bmy \u017cycie miejscowej<\/p>\n","protected":false},"author":1,"featured_media":0,"parent":0,"menu_order":0,"comment_status":"closed","ping_status":"closed","template":"","meta":{"site-sidebar-layout":"no-sidebar","site-content-layout":"page-builder","ast-site-content-layout":"","site-content-style":"default","site-sidebar-style":"default","ast-global-header-display":"","ast-banner-title-visibility":"","ast-main-header-display":"","ast-hfb-above-header-display":"","ast-hfb-below-header-display":"","ast-hfb-mobile-header-display":"","site-post-title":"disabled","ast-breadcrumbs-content":"","ast-featured-img":"disabled","footer-sml-layout":"","theme-transparent-header-meta":"","adv-header-id-meta":"","stick-header-meta":"","header-above-stick-meta":"","header-main-stick-meta":"","header-below-stick-meta":"","astra-migrate-meta-layouts":"default","ast-page-background-enabled":"default","ast-page-background-meta":{"desktop":{"background-color":"","background-image":"","background-repeat":"repeat","background-position":"center center","background-size":"auto","background-attachment":"scroll","background-type":"","background-media":"","overlay-type":"","overlay-color":"","overlay-opacity":"","overlay-gradient":""},"tablet":{"background-color":"","background-image":"","background-repeat":"repeat","background-position":"center center","background-size":"auto","background-attachment":"scroll","background-type":"","background-media":"","overlay-type":"","overlay-color":"","overlay-opacity":"","overlay-gradient":""},"mobile":{"background-color":"","background-image":"","background-repeat":"repeat","background-position":"center center","background-size":"auto","background-attachment":"scroll","background-type":"","background-media":"","overlay-type":"","overlay-color":"","overlay-opacity":"","overlay-gradient":""}},"ast-content-background-meta":{"desktop":{"background-color":"var(--ast-global-color-5)","background-image":"","background-repeat":"repeat","background-position":"center center","background-size":"auto","background-attachment":"scroll","background-type":"","background-media":"","overlay-type":"","overlay-color":"","overlay-opacity":"","overlay-gradient":""},"tablet":{"background-color":"var(--ast-global-color-5)","background-image":"","background-repeat":"repeat","background-position":"center center","background-size":"auto","background-attachment":"scroll","background-type":"","background-media":"","overlay-type":"","overlay-color":"","overlay-opacity":"","overlay-gradient":""},"mobile":{"background-color":"var(--ast-global-color-5)","background-image":"","background-repeat":"repeat","background-position":"center center","background-size":"auto","background-attachment":"scroll","background-type":"","background-media":"","overlay-type":"","overlay-color":"","overlay-opacity":"","overlay-gradient":""}},"footnotes":""},"class_list":["post-6925","page","type-page","status-publish","hentry"],"jetpack_sharing_enabled":true,"_links":{"self":[{"href":"https:\/\/www.nowedrzewozycia.org.pl\/index.php?rest_route=\/wp\/v2\/pages\/6925"}],"collection":[{"href":"https:\/\/www.nowedrzewozycia.org.pl\/index.php?rest_route=\/wp\/v2\/pages"}],"about":[{"href":"https:\/\/www.nowedrzewozycia.org.pl\/index.php?rest_route=\/wp\/v2\/types\/page"}],"author":[{"embeddable":true,"href":"https:\/\/www.nowedrzewozycia.org.pl\/index.php?rest_route=\/wp\/v2\/users\/1"}],"replies":[{"embeddable":true,"href":"https:\/\/www.nowedrzewozycia.org.pl\/index.php?rest_route=%2Fwp%2Fv2%2Fcomments&post=6925"}],"version-history":[{"count":7,"href":"https:\/\/www.nowedrzewozycia.org.pl\/index.php?rest_route=\/wp\/v2\/pages\/6925\/revisions"}],"predecessor-version":[{"id":7282,"href":"https:\/\/www.nowedrzewozycia.org.pl\/index.php?rest_route=\/wp\/v2\/pages\/6925\/revisions\/7282"}],"wp:attachment":[{"href":"https:\/\/www.nowedrzewozycia.org.pl\/index.php?rest_route=%2Fwp%2Fv2%2Fmedia&parent=6925"}],"curies":[{"name":"wp","href":"https:\/\/api.w.org\/{rel}","templated":true}]}}