{"id":7088,"date":"2023-09-02T12:50:00","date_gmt":"2023-09-02T12:50:00","guid":{"rendered":"https:\/\/africabora.com\/?page_id=7088"},"modified":"2023-11-19T16:44:40","modified_gmt":"2023-11-19T16:44:40","slug":"waclaw-blizinski","status":"publish","type":"page","link":"https:\/\/www.nowedrzewozycia.org.pl\/?page_id=7088","title":{"rendered":"Wac\u0142aw Blizi\u0144ski"},"content":{"rendered":"\t\t<div data-elementor-type=\"wp-page\" data-elementor-id=\"7088\" class=\"elementor elementor-7088\" data-elementor-post-type=\"page\">\n\t\t\t\t\t\t<section class=\"elementor-section elementor-top-section elementor-element elementor-element-6c078cd elementor-section-full_width elementor-section-height-min-height elementor-section-height-default elementor-section-items-middle\" data-id=\"6c078cd\" data-element_type=\"section\" data-settings=\"{&quot;background_background&quot;:&quot;classic&quot;}\">\n\t\t\t\t\t\t\t<div class=\"elementor-background-overlay\"><\/div>\n\t\t\t\t\t\t\t<div class=\"elementor-container elementor-column-gap-default\">\n\t\t\t\t\t<div class=\"elementor-column elementor-col-100 elementor-top-column elementor-element elementor-element-d311d9e\" data-id=\"d311d9e\" data-element_type=\"column\">\n\t\t\t<div class=\"elementor-widget-wrap elementor-element-populated\">\n\t\t\t\t\t\t<div class=\"elementor-element elementor-element-03d0b3a elementor-widget elementor-widget-heading\" data-id=\"03d0b3a\" data-element_type=\"widget\" data-widget_type=\"heading.default\">\n\t\t\t\t<div class=\"elementor-widget-container\">\n\t\t\t\t\t<h2 class=\"elementor-heading-title elementor-size-default\">Wac\u0142aw Blizi\u0144ski<\/h2>\t\t\t\t<\/div>\n\t\t\t\t<\/div>\n\t\t\t\t\t<\/div>\n\t\t<\/div>\n\t\t\t\t\t<\/div>\n\t\t<\/section>\n\t\t\t\t<section class=\"elementor-section elementor-top-section elementor-element elementor-element-7069a9b elementor-section-boxed elementor-section-height-default elementor-section-height-default\" data-id=\"7069a9b\" data-element_type=\"section\" data-settings=\"{&quot;background_background&quot;:&quot;classic&quot;}\">\n\t\t\t\t\t\t<div class=\"elementor-container elementor-column-gap-default\">\n\t\t\t\t\t<div class=\"elementor-column elementor-col-66 elementor-top-column elementor-element elementor-element-43e9922\" data-id=\"43e9922\" data-element_type=\"column\">\n\t\t\t<div class=\"elementor-widget-wrap elementor-element-populated\">\n\t\t\t\t\t\t<div class=\"elementor-element elementor-element-270925f elementor-widget elementor-widget-image\" data-id=\"270925f\" data-element_type=\"widget\" data-widget_type=\"image.default\">\n\t\t\t\t<div class=\"elementor-widget-container\">\n\t\t\t\t\t\t\t\t\t\t\t\t\t\t\t<img fetchpriority=\"high\" decoding=\"async\" width=\"656\" height=\"1024\" src=\"https:\/\/www.nowedrzewozycia.org.pl\/wp-content\/uploads\/2023\/08\/Ks_Waclaw_Blizinski_Liskow_9181886-656x1024.jpg\" class=\"attachment-large size-large wp-image-6466\" alt=\"\" srcset=\"https:\/\/www.nowedrzewozycia.org.pl\/wp-content\/uploads\/2023\/08\/Ks_Waclaw_Blizinski_Liskow_9181886-656x1024.jpg 656w, https:\/\/www.nowedrzewozycia.org.pl\/wp-content\/uploads\/2023\/08\/Ks_Waclaw_Blizinski_Liskow_9181886-192x300.jpg 192w, https:\/\/www.nowedrzewozycia.org.pl\/wp-content\/uploads\/2023\/08\/Ks_Waclaw_Blizinski_Liskow_9181886-768x1199.jpg 768w, https:\/\/www.nowedrzewozycia.org.pl\/wp-content\/uploads\/2023\/08\/Ks_Waclaw_Blizinski_Liskow_9181886-600x936.jpg 600w, https:\/\/www.nowedrzewozycia.org.pl\/wp-content\/uploads\/2023\/08\/Ks_Waclaw_Blizinski_Liskow_9181886.jpg 897w\" sizes=\"(max-width: 656px) 100vw, 656px\" \/>\t\t\t\t\t\t\t\t\t\t\t\t\t\t\t<\/div>\n\t\t\t\t<\/div>\n\t\t\t\t<div class=\"elementor-element elementor-element-00b52a0 elementor-widget elementor-widget-spacer\" data-id=\"00b52a0\" data-element_type=\"widget\" data-widget_type=\"spacer.default\">\n\t\t\t\t<div class=\"elementor-widget-container\">\n\t\t\t\t\t\t\t<div class=\"elementor-spacer\">\n\t\t\t<div class=\"elementor-spacer-inner\"><\/div>\n\t\t<\/div>\n\t\t\t\t\t\t<\/div>\n\t\t\t\t<\/div>\n\t\t\t\t<div class=\"elementor-element elementor-element-6b67d82 elementor-widget elementor-widget-text-editor\" data-id=\"6b67d82\" data-element_type=\"widget\" data-widget_type=\"text-editor.default\">\n\t\t\t\t<div class=\"elementor-widget-container\">\n\t\t\t\t\t\t\t\t\t<p><span style=\"color: #4b4f58;\">Wac\u0142aw Blizi\u0144ski urodzi\u0142 si\u0119 28 lipca 1870 roku w Warszawie. W domu otrzyma\u0142 staranne katolickie i patriotyczne wychowanie. W 1887 roku rozpocz\u0105\u0142 nauk\u0119 w Seminarium Duchownym w W\u0142oc\u0142awku. \u015awi\u0119cenia kap\u0142a\u0144skie otrzyma\u0142 w sierpniu 1892 roku z r\u0105k biskupa Aleksandra Bere\u015bniewicza. W styczniu 1900 roku zosta\u0142 skierowany do parafii w miejscowo\u015bci Lisk\u00f3w ko\u0142o Kalisza. Pocz\u0105tkowo parafianie przyj\u0119li go z niech\u0119ci\u0105. Blizi\u0144ski zasta\u0142 ogromne ub\u00f3stwo w Liskowie, pog\u0142\u0119bione przez powszechne analfabetyzm. W swojej pracy duszpasterskiej zacz\u0105\u0142 skupia\u0107 si\u0119 na poprawie warunk\u00f3w \u017cycia mieszka\u0144c\u00f3w parafii. Z biegiem lat zorganizowa\u0142 efektywn\u0105 sie\u0107 edukacyjn\u0105, pocz\u0105wszy od przedszkola, a\u017c po Uniwersytet Ludowy, ze szczeg\u00f3lnym naciskiem na edukacj\u0119 zawodow\u0105. Za\u0142o\u017cy\u0142 sierociniec, w kt\u00f3rym mieszka\u0142y sieroty z czas\u00f3w wojny polsko-bolszewickiej. Blizi\u0144ski utworzy\u0142 ko\u0142o rolnicze oraz wiele innych modelowych sp\u00f3\u0142dzielni, kas oszcz\u0119dno\u015bciowych, przyczyni\u0142 si\u0119 do utworzenia stra\u017cy po\u017carnej w Liskowie. By\u0142 organizatorem Kongresu Eucharystycznego w Liskowie oraz dw\u00f3ch wystaw rolniczych.<\/span><\/p>\t\t\t\t\t\t\t\t<\/div>\n\t\t\t\t<\/div>\n\t\t\t\t<div class=\"elementor-element elementor-element-4540d00 elementor-widget elementor-widget-image\" data-id=\"4540d00\" data-element_type=\"widget\" data-widget_type=\"image.default\">\n\t\t\t\t<div class=\"elementor-widget-container\">\n\t\t\t\t\t\t\t\t\t\t\t\t\t\t\t<img decoding=\"async\" width=\"1024\" height=\"768\" src=\"https:\/\/www.nowedrzewozycia.org.pl\/wp-content\/uploads\/2023\/08\/Ks.-pral.-Waclaw-Blizinski-herbu-Korczak-ze-swymi-najblizszymi-wspolpracownikami-ze-spoldzielni-liskowskich-Liskow-1938-r.-fot.-PSWE-1024x768.jpg\" class=\"attachment-large size-large wp-image-6467\" alt=\"\" srcset=\"https:\/\/www.nowedrzewozycia.org.pl\/wp-content\/uploads\/2023\/08\/Ks.-pral.-Waclaw-Blizinski-herbu-Korczak-ze-swymi-najblizszymi-wspolpracownikami-ze-spoldzielni-liskowskich-Liskow-1938-r.-fot.-PSWE-1024x768.jpg 1024w, https:\/\/www.nowedrzewozycia.org.pl\/wp-content\/uploads\/2023\/08\/Ks.-pral.-Waclaw-Blizinski-herbu-Korczak-ze-swymi-najblizszymi-wspolpracownikami-ze-spoldzielni-liskowskich-Liskow-1938-r.-fot.-PSWE-300x225.jpg 300w, https:\/\/www.nowedrzewozycia.org.pl\/wp-content\/uploads\/2023\/08\/Ks.-pral.-Waclaw-Blizinski-herbu-Korczak-ze-swymi-najblizszymi-wspolpracownikami-ze-spoldzielni-liskowskich-Liskow-1938-r.-fot.-PSWE-768x576.jpg 768w, https:\/\/www.nowedrzewozycia.org.pl\/wp-content\/uploads\/2023\/08\/Ks.-pral.-Waclaw-Blizinski-herbu-Korczak-ze-swymi-najblizszymi-wspolpracownikami-ze-spoldzielni-liskowskich-Liskow-1938-r.-fot.-PSWE-600x450.jpg 600w, https:\/\/www.nowedrzewozycia.org.pl\/wp-content\/uploads\/2023\/08\/Ks.-pral.-Waclaw-Blizinski-herbu-Korczak-ze-swymi-najblizszymi-wspolpracownikami-ze-spoldzielni-liskowskich-Liskow-1938-r.-fot.-PSWE.jpg 1200w\" sizes=\"(max-width: 1024px) 100vw, 1024px\" \/>\t\t\t\t\t\t\t\t\t\t\t\t\t\t\t<\/div>\n\t\t\t\t<\/div>\n\t\t\t\t<div class=\"elementor-element elementor-element-c227f0c elementor-widget elementor-widget-text-editor\" data-id=\"c227f0c\" data-element_type=\"widget\" data-widget_type=\"text-editor.default\">\n\t\t\t\t<div class=\"elementor-widget-container\">\n\t\t\t\t\t\t\t\t\t<p style=\"margin-bottom: 1.75em;\">Wac\u0142aw Blizi\u0144ski prowadzi\u0142 r\u00f3wnie\u017c dzia\u0142alno\u015b\u0107 polityczn\u0105. By\u0142 m.in. wsp\u00f3\u0142za\u0142o\u017cycielem i przewodnicz\u0105cym Naczelnego Komitetu Ludowego (p\u00f3\u017aniej Ludowego Zwi\u0105zku Narodowego), w kt\u00f3rego imieniu w 1919 roku zosta\u0142 pos\u0142em na Sejm Ustawodawczy. W 1938 roku zosta\u0142 senatorem V kadencji. By\u0142 tak\u017ce cz\u0142onkiem G\u0142\u00f3wnej Rady Obozu Zjednoczenia Narodowego.<\/p><p style=\"margin-bottom: 1.75em;\">W czasie II wojny \u015bwiatowej ukrywa\u0142 si\u0119 i zmar\u0142 21 pa\u017adziernika 1944 roku w Cz\u0119stochowie, a trzy lata p\u00f3\u017aniej, zgodnie z w\u0142asn\u0105 wol\u0105, zosta\u0142 pochowany w Liskowie.<\/p><p style=\"margin-bottom: 1.75em;\">&#8222;Pami\u0119tniki&#8221; Wac\u0142awa Blizi\u0144skiego na tej stronie oparte s\u0105 na r\u0119kopisie znajduj\u0105cym si\u0119 w zbiorach Wojew\u00f3dzkiej Biblioteki Publicznej im. J\u00f3zefa Pi\u0142sudskiego w \u0141odzi.<\/p>\t\t\t\t\t\t\t\t<\/div>\n\t\t\t\t<\/div>\n\t\t\t\t<div class=\"elementor-element elementor-element-28a1d71 elementor-align-left elementor-widget elementor-widget-button\" data-id=\"28a1d71\" data-element_type=\"widget\" data-widget_type=\"button.default\">\n\t\t\t\t<div class=\"elementor-widget-container\">\n\t\t\t\t\t\t\t\t\t<div class=\"elementor-button-wrapper\">\n\t\t\t\t\t<a class=\"elementor-button elementor-button-link elementor-size-sm\" href=\"http:\/\/www.nowedrzewozycia.org.pl\/wp-content\/uploads\/2023\/08\/Blizinski-Wspomnienia-5.07.docx\">\n\t\t\t\t\t\t<span class=\"elementor-button-content-wrapper\">\n\t\t\t\t\t\t<span class=\"elementor-button-icon\">\n\t\t\t\t<i aria-hidden=\"true\" class=\"fas fa-file-download\"><\/i>\t\t\t<\/span>\n\t\t\t\t\t\t\t\t\t<span class=\"elementor-button-text\">Pobierz Pami\u0119tniki Wac\u0142awa Blizi\u0144skiego.<\/span>\n\t\t\t\t\t<\/span>\n\t\t\t\t\t<\/a>\n\t\t\t\t<\/div>\n\t\t\t\t\t\t\t\t<\/div>\n\t\t\t\t<\/div>\n\t\t\t\t\t<\/div>\n\t\t<\/div>\n\t\t\t\t<div class=\"elementor-column elementor-col-33 elementor-top-column elementor-element elementor-element-a5fcb1d\" data-id=\"a5fcb1d\" data-element_type=\"column\">\n\t\t\t<div class=\"elementor-widget-wrap elementor-element-populated\">\n\t\t\t\t\t\t<div class=\"elementor-element elementor-element-460dca4 elementor-search-form--skin-classic elementor-search-form--button-type-icon elementor-search-form--icon-search elementor-widget elementor-widget-search-form\" data-id=\"460dca4\" data-element_type=\"widget\" data-settings=\"{&quot;skin&quot;:&quot;classic&quot;}\" data-widget_type=\"search-form.default\">\n\t\t\t\t<div class=\"elementor-widget-container\">\n\t\t\t\t\t\t\t<search role=\"search\">\n\t\t\t<form class=\"elementor-search-form\" action=\"https:\/\/www.nowedrzewozycia.org.pl\" method=\"get\">\n\t\t\t\t\t\t\t\t\t\t\t\t<div class=\"elementor-search-form__container\">\n\t\t\t\t\t<label class=\"elementor-screen-only\" for=\"elementor-search-form-460dca4\">Search<\/label>\n\n\t\t\t\t\t\n\t\t\t\t\t<input id=\"elementor-search-form-460dca4\" placeholder=\"Szukaj...\" class=\"elementor-search-form__input\" type=\"search\" name=\"s\" value=\"\">\n\t\t\t\t\t\n\t\t\t\t\t\t\t\t\t\t\t<button class=\"elementor-search-form__submit\" type=\"submit\" aria-label=\"Search\">\n\t\t\t\t\t\t\t\t\t\t\t\t\t\t\t<i aria-hidden=\"true\" class=\"fas fa-search\"><\/i>\t\t\t\t\t\t\t\t\t\t\t\t\t<\/button>\n\t\t\t\t\t\n\t\t\t\t\t\t\t\t\t<\/div>\n\t\t\t<\/form>\n\t\t<\/search>\n\t\t\t\t\t\t<\/div>\n\t\t\t\t<\/div>\n\t\t\t\t<div class=\"elementor-element elementor-element-6e824a7 elementor-widget elementor-widget-spacer\" data-id=\"6e824a7\" data-element_type=\"widget\" data-widget_type=\"spacer.default\">\n\t\t\t\t<div class=\"elementor-widget-container\">\n\t\t\t\t\t\t\t<div class=\"elementor-spacer\">\n\t\t\t<div class=\"elementor-spacer-inner\"><\/div>\n\t\t<\/div>\n\t\t\t\t\t\t<\/div>\n\t\t\t\t<\/div>\n\t\t\t\t<div class=\"elementor-element elementor-element-fb8a343 elementor-widget elementor-widget-heading\" data-id=\"fb8a343\" data-element_type=\"widget\" data-widget_type=\"heading.default\">\n\t\t\t\t<div class=\"elementor-widget-container\">\n\t\t\t\t\t<h5 class=\"elementor-heading-title elementor-size-default\">Popularne wpisy<\/h5>\t\t\t\t<\/div>\n\t\t\t\t<\/div>\n\t\t\t\t<div class=\"elementor-element elementor-element-106e817 elementor-grid-1 elementor-posts--thumbnail-left elementor-grid-tablet-2 elementor-grid-mobile-1 elementor-widget elementor-widget-posts\" data-id=\"106e817\" data-element_type=\"widget\" data-settings=\"{&quot;classic_columns&quot;:&quot;1&quot;,&quot;classic_columns_tablet&quot;:&quot;2&quot;,&quot;classic_columns_mobile&quot;:&quot;1&quot;,&quot;classic_row_gap&quot;:{&quot;unit&quot;:&quot;px&quot;,&quot;size&quot;:35,&quot;sizes&quot;:[]},&quot;classic_row_gap_tablet&quot;:{&quot;unit&quot;:&quot;px&quot;,&quot;size&quot;:&quot;&quot;,&quot;sizes&quot;:[]},&quot;classic_row_gap_mobile&quot;:{&quot;unit&quot;:&quot;px&quot;,&quot;size&quot;:&quot;&quot;,&quot;sizes&quot;:[]}}\" data-widget_type=\"posts.classic\">\n\t\t\t\t<div class=\"elementor-widget-container\">\n\t\t\t\t\t\t\t<div class=\"elementor-posts-container elementor-posts elementor-posts--skin-classic elementor-grid\" role=\"list\">\n\t\t\t\t<article class=\"elementor-post elementor-grid-item post-7817 post type-post status-publish format-standard hentry category-events\" role=\"listitem\">\n\t\t\t\t<div class=\"elementor-post__text\">\n\t\t\t\t<h6 class=\"elementor-post__title\">\n\t\t\t<a href=\"https:\/\/www.nowedrzewozycia.org.pl\/?p=7817\" >\n\t\t\t\tVII KONFERENCJA AFRYKA\u0143SKA. AFRYKA \u2013 NIEWYKORZYSTANY POTENCJA\u0141 IV\t\t\t<\/a>\n\t\t<\/h6>\n\t\t\t\t<div class=\"elementor-post__meta-data\">\n\t\t\t\t\t<span class=\"elementor-post-date\">\n\t\t\t30 wrze\u015bnia, 2025\t\t<\/span>\n\t\t\t\t<span class=\"elementor-post-avatar\">\n\t\t\tBrak komentarzy\t\t<\/span>\n\t\t\t\t<\/div>\n\t\t\t\t\t<div class=\"elementor-post__read-more-wrapper\">\n\t\t\n\t\t<a class=\"elementor-post__read-more\" href=\"https:\/\/www.nowedrzewozycia.org.pl\/?p=7817\" aria-label=\"Read more about VII KONFERENCJA AFRYKA\u0143SKA. AFRYKA \u2013 NIEWYKORZYSTANY POTENCJA\u0141 IV\" tabindex=\"-1\" >\n\t\t\tCzytaj wi\u0119cej \u00bb\t\t<\/a>\n\n\t\t\t\t\t<\/div>\n\t\t\t\t<\/div>\n\t\t\t\t<\/article>\n\t\t\t\t<article class=\"elementor-post elementor-grid-item post-7672 post type-post status-publish format-standard has-post-thumbnail hentry category-uncategorized\" role=\"listitem\">\n\t\t\t\t<a class=\"elementor-post__thumbnail__link\" href=\"https:\/\/www.nowedrzewozycia.org.pl\/?p=7672\" tabindex=\"-1\" >\n\t\t\t<div class=\"elementor-post__thumbnail\"><img decoding=\"async\" width=\"183\" height=\"300\" src=\"https:\/\/www.nowedrzewozycia.org.pl\/wp-content\/uploads\/2023\/09\/3-2-183x300.jpg\" class=\"attachment-medium size-medium wp-image-7483\" alt=\"\" srcset=\"https:\/\/www.nowedrzewozycia.org.pl\/wp-content\/uploads\/2023\/09\/3-2-183x300.jpg 183w, https:\/\/www.nowedrzewozycia.org.pl\/wp-content\/uploads\/2023\/09\/3-2.jpg 329w\" sizes=\"(max-width: 183px) 100vw, 183px\" \/><\/div>\n\t\t<\/a>\n\t\t\t\t<div class=\"elementor-post__text\">\n\t\t\t\t<h6 class=\"elementor-post__title\">\n\t\t\t<a href=\"https:\/\/www.nowedrzewozycia.org.pl\/?p=7672\" >\n\t\t\t\tSpu\u015bcizna Stefana Szolca &#8211; Rogozi\u0144skiego\t\t\t<\/a>\n\t\t<\/h6>\n\t\t\t\t<div class=\"elementor-post__meta-data\">\n\t\t\t\t\t<span class=\"elementor-post-date\">\n\t\t\t22 pa\u017adziernika, 2023\t\t<\/span>\n\t\t\t\t<span class=\"elementor-post-avatar\">\n\t\t\tBrak komentarzy\t\t<\/span>\n\t\t\t\t<\/div>\n\t\t\t\t\t<div class=\"elementor-post__read-more-wrapper\">\n\t\t\n\t\t<a class=\"elementor-post__read-more\" href=\"https:\/\/www.nowedrzewozycia.org.pl\/?p=7672\" aria-label=\"Read more about Spu\u015bcizna Stefana Szolca &#8211; Rogozi\u0144skiego\" tabindex=\"-1\" >\n\t\t\tCzytaj wi\u0119cej \u00bb\t\t<\/a>\n\n\t\t\t\t\t<\/div>\n\t\t\t\t<\/div>\n\t\t\t\t<\/article>\n\t\t\t\t<article class=\"elementor-post elementor-grid-item post-7666 post type-post status-publish format-standard has-post-thumbnail hentry category-uncategorized\" role=\"listitem\">\n\t\t\t\t<a class=\"elementor-post__thumbnail__link\" href=\"https:\/\/www.nowedrzewozycia.org.pl\/?p=7666\" tabindex=\"-1\" >\n\t\t\t<div class=\"elementor-post__thumbnail\"><img loading=\"lazy\" decoding=\"async\" width=\"233\" height=\"300\" src=\"https:\/\/www.nowedrzewozycia.org.pl\/wp-content\/uploads\/2023\/09\/Stefan_Szolc-Rogozinski-233x300.jpg\" class=\"attachment-medium size-medium wp-image-7463\" alt=\"\" srcset=\"https:\/\/www.nowedrzewozycia.org.pl\/wp-content\/uploads\/2023\/09\/Stefan_Szolc-Rogozinski-233x300.jpg 233w, https:\/\/www.nowedrzewozycia.org.pl\/wp-content\/uploads\/2023\/09\/Stefan_Szolc-Rogozinski.jpg 552w\" sizes=\"(max-width: 233px) 100vw, 233px\" \/><\/div>\n\t\t<\/a>\n\t\t\t\t<div class=\"elementor-post__text\">\n\t\t\t\t<h6 class=\"elementor-post__title\">\n\t\t\t<a href=\"https:\/\/www.nowedrzewozycia.org.pl\/?p=7666\" >\n\t\t\t\tZachodni kolonializm i jego wsp\u00f3\u0142czesne konsekwencje, w kontek\u015bcie dokona\u0144 Stefana Szolc-Rogozi\u0144skiego\t\t\t<\/a>\n\t\t<\/h6>\n\t\t\t\t<div class=\"elementor-post__meta-data\">\n\t\t\t\t\t<span class=\"elementor-post-date\">\n\t\t\t22 pa\u017adziernika, 2023\t\t<\/span>\n\t\t\t\t<span class=\"elementor-post-avatar\">\n\t\t\tBrak komentarzy\t\t<\/span>\n\t\t\t\t<\/div>\n\t\t\t\t\t<div class=\"elementor-post__read-more-wrapper\">\n\t\t\n\t\t<a class=\"elementor-post__read-more\" href=\"https:\/\/www.nowedrzewozycia.org.pl\/?p=7666\" aria-label=\"Read more about Zachodni kolonializm i jego wsp\u00f3\u0142czesne konsekwencje, w kontek\u015bcie dokona\u0144 Stefana Szolc-Rogozi\u0144skiego\" tabindex=\"-1\" >\n\t\t\tCzytaj wi\u0119cej \u00bb\t\t<\/a>\n\n\t\t\t\t\t<\/div>\n\t\t\t\t<\/div>\n\t\t\t\t<\/article>\n\t\t\t\t<\/div>\n\t\t\n\t\t\t\t\t\t<\/div>\n\t\t\t\t<\/div>\n\t\t\t\t\t<\/div>\n\t\t<\/div>\n\t\t\t\t\t<\/div>\n\t\t<\/section>\n\t\t\t\t<\/div>\n\t\t","protected":false},"excerpt":{"rendered":"<p>Wac\u0142aw Blizi\u0144ski Wac\u0142aw Blizi\u0144ski urodzi\u0142 si\u0119 28 lipca 1870 roku w Warszawie. W domu otrzyma\u0142 staranne katolickie i patriotyczne wychowanie. W 1887 roku rozpocz\u0105\u0142 nauk\u0119<\/p>\n","protected":false},"author":1,"featured_media":0,"parent":0,"menu_order":0,"comment_status":"closed","ping_status":"closed","template":"","meta":{"site-sidebar-layout":"no-sidebar","site-content-layout":"page-builder","ast-site-content-layout":"","site-content-style":"default","site-sidebar-style":"default","ast-global-header-display":"","ast-banner-title-visibility":"","ast-main-header-display":"","ast-hfb-above-header-display":"","ast-hfb-below-header-display":"","ast-hfb-mobile-header-display":"","site-post-title":"disabled","ast-breadcrumbs-content":"","ast-featured-img":"disabled","footer-sml-layout":"","theme-transparent-header-meta":"","adv-header-id-meta":"","stick-header-meta":"","header-above-stick-meta":"","header-main-stick-meta":"","header-below-stick-meta":"","astra-migrate-meta-layouts":"default","ast-page-background-enabled":"default","ast-page-background-meta":{"desktop":{"background-color":"","background-image":"","background-repeat":"repeat","background-position":"center center","background-size":"auto","background-attachment":"scroll","background-type":"","background-media":"","overlay-type":"","overlay-color":"","overlay-opacity":"","overlay-gradient":""},"tablet":{"background-color":"","background-image":"","background-repeat":"repeat","background-position":"center center","background-size":"auto","background-attachment":"scroll","background-type":"","background-media":"","overlay-type":"","overlay-color":"","overlay-opacity":"","overlay-gradient":""},"mobile":{"background-color":"","background-image":"","background-repeat":"repeat","background-position":"center center","background-size":"auto","background-attachment":"scroll","background-type":"","background-media":"","overlay-type":"","overlay-color":"","overlay-opacity":"","overlay-gradient":""}},"ast-content-background-meta":{"desktop":{"background-color":"var(--ast-global-color-5)","background-image":"","background-repeat":"repeat","background-position":"center center","background-size":"auto","background-attachment":"scroll","background-type":"","background-media":"","overlay-type":"","overlay-color":"","overlay-opacity":"","overlay-gradient":""},"tablet":{"background-color":"var(--ast-global-color-5)","background-image":"","background-repeat":"repeat","background-position":"center center","background-size":"auto","background-attachment":"scroll","background-type":"","background-media":"","overlay-type":"","overlay-color":"","overlay-opacity":"","overlay-gradient":""},"mobile":{"background-color":"var(--ast-global-color-5)","background-image":"","background-repeat":"repeat","background-position":"center center","background-size":"auto","background-attachment":"scroll","background-type":"","background-media":"","overlay-type":"","overlay-color":"","overlay-opacity":"","overlay-gradient":""}},"footnotes":""},"class_list":["post-7088","page","type-page","status-publish","hentry"],"jetpack_sharing_enabled":true,"_links":{"self":[{"href":"https:\/\/www.nowedrzewozycia.org.pl\/index.php?rest_route=\/wp\/v2\/pages\/7088"}],"collection":[{"href":"https:\/\/www.nowedrzewozycia.org.pl\/index.php?rest_route=\/wp\/v2\/pages"}],"about":[{"href":"https:\/\/www.nowedrzewozycia.org.pl\/index.php?rest_route=\/wp\/v2\/types\/page"}],"author":[{"embeddable":true,"href":"https:\/\/www.nowedrzewozycia.org.pl\/index.php?rest_route=\/wp\/v2\/users\/1"}],"replies":[{"embeddable":true,"href":"https:\/\/www.nowedrzewozycia.org.pl\/index.php?rest_route=%2Fwp%2Fv2%2Fcomments&post=7088"}],"version-history":[{"count":22,"href":"https:\/\/www.nowedrzewozycia.org.pl\/index.php?rest_route=\/wp\/v2\/pages\/7088\/revisions"}],"predecessor-version":[{"id":7684,"href":"https:\/\/www.nowedrzewozycia.org.pl\/index.php?rest_route=\/wp\/v2\/pages\/7088\/revisions\/7684"}],"wp:attachment":[{"href":"https:\/\/www.nowedrzewozycia.org.pl\/index.php?rest_route=%2Fwp%2Fv2%2Fmedia&parent=7088"}],"curies":[{"name":"wp","href":"https:\/\/api.w.org\/{rel}","templated":true}]}}